{"id":172,"date":"2025-05-06T17:49:25","date_gmt":"2025-05-06T16:49:25","guid":{"rendered":"https:\/\/route-247.com\/?page_id=172"},"modified":"2026-03-16T23:10:40","modified_gmt":"2026-03-16T22:10:40","slug":"prices-schedules","status":"publish","type":"page","link":"https:\/\/route-247.pt\/pt\/prices-schedules\/","title":{"rendered":"PRE\u00c7OS E HOR\u00c1RIOS"},"content":{"rendered":"<div data-elementor-type=\"wp-page\" data-elementor-id=\"172\" class=\"elementor elementor-172\">\n\t\t\t\t<div class=\"elementor-element elementor-element-d1e20c6 e-grid e-con-boxed e-con e-parent\" data-id=\"d1e20c6\" data-element_type=\"container\">\n\t\t\t\t\t<div class=\"e-con-inner\">\n\t\t\t\t<div class=\"elementor-element elementor-element-16022b8 elementor-widget elementor-widget-heading\" data-id=\"16022b8\" data-element_type=\"widget\" data-widget_type=\"heading.default\">\n\t\t\t\t\t<h2 class=\"elementor-heading-title elementor-size-default\"><font face=\"Comic Relief, display\"><span style=\"font-size: 42px\">PRE\u00c7OS E HOR\u00c1RIOS<\/span><\/font><\/h2>\t\t\t\t<\/div>\n\t\t\t\t<div class=\"elementor-element elementor-element-55f0f3a elementor-widget elementor-widget-text-editor\" data-id=\"55f0f3a\" data-element_type=\"widget\" data-widget_type=\"text-editor.default\">\n\t\t\t\t\t\t\t\t\t<p data-start=\"177\" data-end=\"449\"><strong data-start=\"177\" data-end=\"272\">Explore a deslumbrante costa oeste de Portugal com o nosso servi\u00e7o de transporte entre a Ericeira e Peniche.<\/strong>\u00a0<\/p>\n<p data-start=\"177\" data-end=\"449\"><span style=\"font-style: inherit; font-weight: inherit;\">Com hor\u00e1rios fixos, v\u00e1rias paragens - incluindo <strong>Santa Cruz<\/strong>, <strong>Areia Branca<\/strong> e <strong>Baleal<\/strong> - e a pre\u00e7os acess\u00edveis, <strong>Rota247<\/strong> facilita a desloca\u00e7\u00e3o entre locais de surf e cidades de praia.<\/span><\/p>\n<p data-start=\"451\" data-end=\"620\">Reserve o seu lugar com anteced\u00eancia e desfrute de uma viagem tranquila, segura e c\u00e9nica ao longo do Atl\u00e2ntico. Perfeito para surfistas, viajantes e habitantes locais que desejam um transporte costeiro sem stress.<\/p>\t\t\t\t\t\t\t\t<\/div>\n\t\t\t\t<div class=\"elementor-element elementor-element-0f98737 elementor-align-center elementor-widget elementor-widget-button\" data-id=\"0f98737\" data-element_type=\"widget\" data-widget_type=\"button.default\">\n\t\t\t\t\t\t\t\t\t\t<a class=\"elementor-button elementor-button-link elementor-size-sm\" href=\"https:\/\/widget.pluralo.com\/?guid=8dd8d53598e7620\">\n\t\t\t\t\t\t<span class=\"elementor-button-content-wrapper\">\n\t\t\t\t\t\t\t\t\t<span class=\"elementor-button-text\">RESERVAR AGORA<\/span>\n\t\t\t\t\t<\/span>\n\t\t\t\t\t<\/a>\n\t\t\t\t\t\t\t\t<\/div>\n\t\t\t\t\t<\/div>\n\t\t\t\t<\/div>\n\t\t<div class=\"elementor-element elementor-element-d1875d4 e-flex e-con-boxed e-con e-parent\" data-id=\"d1875d4\" data-element_type=\"container\">\n\t\t\t\t\t<div class=\"e-con-inner\">\n\t\t\t\t<div class=\"elementor-element elementor-element-456889f elementor-widget elementor-widget-image\" data-id=\"456889f\" data-element_type=\"widget\" data-widget_type=\"image.default\">\n\t\t\t\t\t\t\t\t\t\t\t\t\t\t\t<img fetchpriority=\"high\" decoding=\"async\" width=\"906\" height=\"473\" src=\"https:\/\/route-247.pt\/wp-content\/uploads\/2026\/03\/precos-novo-1.jpg\" class=\"attachment-large size-large wp-image-1020\" alt=\"\" srcset=\"https:\/\/route-247.pt\/wp-content\/uploads\/2026\/03\/precos-novo-1.jpg 906w, https:\/\/route-247.pt\/wp-content\/uploads\/2026\/03\/precos-novo-1-300x157.jpg 300w, https:\/\/route-247.pt\/wp-content\/uploads\/2026\/03\/precos-novo-1-768x401.jpg 768w, https:\/\/route-247.pt\/wp-content\/uploads\/2026\/03\/precos-novo-1-18x9.jpg 18w\" sizes=\"(max-width: 906px) 100vw, 906px\" \/>\t\t\t\t\t\t\t\t\t\t\t\t\t\t\t<\/div>\n\t\t\t\t\t<\/div>\n\t\t\t\t<\/div>\n\t\t\t\t<\/div>","protected":false},"excerpt":{"rendered":"<p>PRICES &amp; SCHEDULES Explore Portugal\u2019s stunning west coast with our shuttle between Ericeira and Peniche.\u00a0 With fixed schedules, multiple stops [&hellip;]<\/p>","protected":false},"author":1,"featured_media":0,"parent":0,"menu_order":0,"comment_status":"closed","ping_status":"closed","template":"","meta":{"pagelayer_contact_templates":[],"_pagelayer_content":"","site-sidebar-layout":"default","site-content-layout":"","ast-site-content-layout":"default","site-content-style":"default","site-sidebar-style":"default","ast-global-header-display":"","ast-banner-title-visibility":"","ast-main-header-display":"","ast-hfb-above-header-display":"","ast-hfb-below-header-display":"","ast-hfb-mobile-header-display":"","site-post-title":"","ast-breadcrumbs-content":"","ast-featured-img":"","footer-sml-layout":"","theme-transparent-header-meta":"","adv-header-id-meta":"","stick-header-meta":"","header-above-stick-meta":"","header-main-stick-meta":"","header-below-stick-meta":"","astra-migrate-meta-layouts":"default","ast-page-background-enabled":"default","ast-page-background-meta":{"desktop":{"background-color":"var(--ast-global-color-5)","background-image":"","background-repeat":"repeat","background-position":"center center","background-size":"auto","background-attachment":"scroll","background-type":"","background-media":"","overlay-type":"","overlay-color":"","overlay-opacity":"","overlay-gradient":""},"tablet":{"background-color":"","background-image":"","background-repeat":"repeat","background-position":"center center","background-size":"auto","background-attachment":"scroll","background-type":"","background-media":"","overlay-type":"","overlay-color":"","overlay-opacity":"","overlay-gradient":""},"mobile":{"background-color":"","background-image":"","background-repeat":"repeat","background-position":"center center","background-size":"auto","background-attachment":"scroll","background-type":"","background-media":"","overlay-type":"","overlay-color":"","overlay-opacity":"","overlay-gradient":""}},"ast-content-background-meta":{"desktop":{"background-color":"var(--ast-global-color-4)","background-image":"","background-repeat":"repeat","background-position":"center center","background-size":"auto","background-attachment":"scroll","background-type":"","background-media":"","overlay-type":"","overlay-color":"","overlay-opacity":"","overlay-gradient":""},"tablet":{"background-color":"var(--ast-global-color-4)","background-image":"","background-repeat":"repeat","background-position":"center center","background-size":"auto","background-attachment":"scroll","background-type":"","background-media":"","overlay-type":"","overlay-color":"","overlay-opacity":"","overlay-gradient":""},"mobile":{"background-color":"var(--ast-global-color-4)","background-image":"","background-repeat":"repeat","background-position":"center center","background-size":"auto","background-attachment":"scroll","background-type":"","background-media":"","overlay-type":"","overlay-color":"","overlay-opacity":"","overlay-gradient":""}},"footnotes":""},"class_list":["post-172","page","type-page","status-publish","hentry"],"yoast_head":"<!-- This site is optimized with the Yoast SEO plugin v25.5 - https:\/\/yoast.com\/wordpress\/plugins\/seo\/ -->\n<title>PRICES &amp; SCHEDULES | Route 247<\/title>\n<meta name=\"robots\" content=\"index, follow, max-snippet:-1, max-image-preview:large, max-video-preview:-1\" \/>\n<link rel=\"canonical\" href=\"https:\/\/route-247.pt\/pt\/prices-schedules\/\" \/>\n<meta property=\"og:locale\" content=\"pt_PT\" \/>\n<meta property=\"og:type\" content=\"article\" \/>\n<meta property=\"og:title\" content=\"PRICES &amp; SCHEDULES | Route 247\" \/>\n<meta property=\"og:description\" content=\"PRICES &amp; SCHEDULES Explore Portugal\u2019s stunning west coast with our shuttle between Ericeira and Peniche.\u00a0 With fixed schedules, multiple stops [&hellip;]\" \/>\n<meta property=\"og:url\" content=\"https:\/\/route-247.pt\/pt\/prices-schedules\/\" \/>\n<meta property=\"og:site_name\" content=\"Route 247\" \/>\n<meta property=\"article:publisher\" content=\"https:\/\/www.facebook.com\/profile.php?id=61576813283694\" \/>\n<meta property=\"article:modified_time\" content=\"2026-03-16T22:10:40+00:00\" \/>\n<meta property=\"og:image\" content=\"https:\/\/route-247.pt\/wp-content\/uploads\/2026\/03\/precos-novo-1.jpg\" \/>\n<meta name=\"twitter:card\" content=\"summary_large_image\" \/>\n<meta name=\"twitter:label1\" content=\"Tempo estimado de leitura\" \/>\n\t<meta name=\"twitter:data1\" content=\"1 minuto\" \/>\n<script type=\"application\/ld+json\" class=\"yoast-schema-graph\">{\"@context\":\"https:\/\/schema.org\",\"@graph\":[{\"@type\":\"WebPage\",\"@id\":\"https:\/\/route-247.pt\/prices-schedules\/\",\"url\":\"https:\/\/route-247.pt\/prices-schedules\/\",\"name\":\"PRICES &amp; SCHEDULES | Route 247\",\"isPartOf\":{\"@id\":\"https:\/\/route-247.pt\/#website\"},\"primaryImageOfPage\":{\"@id\":\"https:\/\/route-247.pt\/prices-schedules\/#primaryimage\"},\"image\":{\"@id\":\"https:\/\/route-247.pt\/prices-schedules\/#primaryimage\"},\"thumbnailUrl\":\"https:\/\/route-247.pt\/wp-content\/uploads\/2026\/03\/precos-novo-1.jpg\",\"datePublished\":\"2025-05-06T16:49:25+00:00\",\"dateModified\":\"2026-03-16T22:10:40+00:00\",\"breadcrumb\":{\"@id\":\"https:\/\/route-247.pt\/prices-schedules\/#breadcrumb\"},\"inLanguage\":\"pt-PT\",\"potentialAction\":[{\"@type\":\"ReadAction\",\"target\":[\"https:\/\/route-247.pt\/prices-schedules\/\"]}]},{\"@type\":\"ImageObject\",\"inLanguage\":\"pt-PT\",\"@id\":\"https:\/\/route-247.pt\/prices-schedules\/#primaryimage\",\"url\":\"https:\/\/route-247.pt\/wp-content\/uploads\/2026\/03\/precos-novo-1.jpg\",\"contentUrl\":\"https:\/\/route-247.pt\/wp-content\/uploads\/2026\/03\/precos-novo-1.jpg\"},{\"@type\":\"BreadcrumbList\",\"@id\":\"https:\/\/route-247.pt\/prices-schedules\/#breadcrumb\",\"itemListElement\":[{\"@type\":\"ListItem\",\"position\":1,\"name\":\"In\u00edcio\",\"item\":\"https:\/\/route-247.pt\/\"},{\"@type\":\"ListItem\",\"position\":2,\"name\":\"PRICES &amp; SCHEDULES\"}]},{\"@type\":\"WebSite\",\"@id\":\"https:\/\/route-247.pt\/#website\",\"url\":\"https:\/\/route-247.pt\/\",\"name\":\"Route247\",\"description\":\"Your connection from Ericeira to Peniche.\",\"publisher\":{\"@id\":\"https:\/\/route-247.pt\/#organization\"},\"alternateName\":\"Route 247\",\"potentialAction\":[{\"@type\":\"SearchAction\",\"target\":{\"@type\":\"EntryPoint\",\"urlTemplate\":\"https:\/\/route-247.pt\/?s={search_term_string}\"},\"query-input\":{\"@type\":\"PropertyValueSpecification\",\"valueRequired\":true,\"valueName\":\"search_term_string\"}}],\"inLanguage\":\"pt-PT\"},{\"@type\":\"Organization\",\"@id\":\"https:\/\/route-247.pt\/#organization\",\"name\":\"Route247\",\"url\":\"https:\/\/route-247.pt\/\",\"logo\":{\"@type\":\"ImageObject\",\"inLanguage\":\"pt-PT\",\"@id\":\"https:\/\/route-247.pt\/#\/schema\/logo\/image\/\",\"url\":\"https:\/\/route-247.pt\/wp-content\/uploads\/2025\/07\/cropped-cropped-cropped-route-247-logo-1.png\",\"contentUrl\":\"https:\/\/route-247.pt\/wp-content\/uploads\/2025\/07\/cropped-cropped-cropped-route-247-logo-1.png\",\"width\":512,\"height\":511,\"caption\":\"Route247\"},\"image\":{\"@id\":\"https:\/\/route-247.pt\/#\/schema\/logo\/image\/\"},\"sameAs\":[\"https:\/\/www.facebook.com\/profile.php?id=61576813283694\",\"https:\/\/www.instagram.com\/route247.shuttle?utm_source=ig_web_button_share_sheet&igsh=ZDNlZDc0MzIxNw\"]}]}<\/script>\n<!-- \/ Yoast SEO plugin. -->","yoast_head_json":{"title":"PRICES &amp; SCHEDULES | Route 247","robots":{"index":"index","follow":"follow","max-snippet":"max-snippet:-1","max-image-preview":"max-image-preview:large","max-video-preview":"max-video-preview:-1"},"canonical":"https:\/\/route-247.pt\/pt\/prices-schedules\/","og_locale":"pt_PT","og_type":"article","og_title":"PRICES &amp; SCHEDULES | Route 247","og_description":"PRICES &amp; SCHEDULES Explore Portugal\u2019s stunning west coast with our shuttle between Ericeira and Peniche.\u00a0 With fixed schedules, multiple stops [&hellip;]","og_url":"https:\/\/route-247.pt\/pt\/prices-schedules\/","og_site_name":"Route 247","article_publisher":"https:\/\/www.facebook.com\/profile.php?id=61576813283694","article_modified_time":"2026-03-16T22:10:40+00:00","og_image":[{"url":"https:\/\/route-247.pt\/wp-content\/uploads\/2026\/03\/precos-novo-1.jpg","type":"","width":"","height":""}],"twitter_card":"summary_large_image","twitter_misc":{"Tempo estimado de leitura":"1 minuto"},"schema":{"@context":"https:\/\/schema.org","@graph":[{"@type":"WebPage","@id":"https:\/\/route-247.pt\/prices-schedules\/","url":"https:\/\/route-247.pt\/prices-schedules\/","name":"PRICES &amp; SCHEDULES | Route 247","isPartOf":{"@id":"https:\/\/route-247.pt\/#website"},"primaryImageOfPage":{"@id":"https:\/\/route-247.pt\/prices-schedules\/#primaryimage"},"image":{"@id":"https:\/\/route-247.pt\/prices-schedules\/#primaryimage"},"thumbnailUrl":"https:\/\/route-247.pt\/wp-content\/uploads\/2026\/03\/precos-novo-1.jpg","datePublished":"2025-05-06T16:49:25+00:00","dateModified":"2026-03-16T22:10:40+00:00","breadcrumb":{"@id":"https:\/\/route-247.pt\/prices-schedules\/#breadcrumb"},"inLanguage":"pt-PT","potentialAction":[{"@type":"ReadAction","target":["https:\/\/route-247.pt\/prices-schedules\/"]}]},{"@type":"ImageObject","inLanguage":"pt-PT","@id":"https:\/\/route-247.pt\/prices-schedules\/#primaryimage","url":"https:\/\/route-247.pt\/wp-content\/uploads\/2026\/03\/precos-novo-1.jpg","contentUrl":"https:\/\/route-247.pt\/wp-content\/uploads\/2026\/03\/precos-novo-1.jpg"},{"@type":"BreadcrumbList","@id":"https:\/\/route-247.pt\/prices-schedules\/#breadcrumb","itemListElement":[{"@type":"ListItem","position":1,"name":"In\u00edcio","item":"https:\/\/route-247.pt\/"},{"@type":"ListItem","position":2,"name":"PRICES &amp; SCHEDULES"}]},{"@type":"WebSite","@id":"https:\/\/route-247.pt\/#website","url":"https:\/\/route-247.pt\/","name":"Rota247","description":"Your connection from Ericeira to Peniche.","publisher":{"@id":"https:\/\/route-247.pt\/#organization"},"alternateName":"Route 247","potentialAction":[{"@type":"SearchAction","target":{"@type":"EntryPoint","urlTemplate":"https:\/\/route-247.pt\/?s={search_term_string}"},"query-input":{"@type":"PropertyValueSpecification","valueRequired":true,"valueName":"search_term_string"}}],"inLanguage":"pt-PT"},{"@type":"Organization","@id":"https:\/\/route-247.pt\/#organization","name":"Rota247","url":"https:\/\/route-247.pt\/","logo":{"@type":"ImageObject","inLanguage":"pt-PT","@id":"https:\/\/route-247.pt\/#\/schema\/logo\/image\/","url":"https:\/\/route-247.pt\/wp-content\/uploads\/2025\/07\/cropped-cropped-cropped-route-247-logo-1.png","contentUrl":"https:\/\/route-247.pt\/wp-content\/uploads\/2025\/07\/cropped-cropped-cropped-route-247-logo-1.png","width":512,"height":511,"caption":"Route247"},"image":{"@id":"https:\/\/route-247.pt\/#\/schema\/logo\/image\/"},"sameAs":["https:\/\/www.facebook.com\/profile.php?id=61576813283694","https:\/\/www.instagram.com\/route247.shuttle?utm_source=ig_web_button_share_sheet&igsh=ZDNlZDc0MzIxNw"]}]}},"jetpack_sharing_enabled":true,"_links":{"self":[{"href":"https:\/\/route-247.pt\/pt\/wp-json\/wp\/v2\/pages\/172","targetHints":{"allow":["GET"]}}],"collection":[{"href":"https:\/\/route-247.pt\/pt\/wp-json\/wp\/v2\/pages"}],"about":[{"href":"https:\/\/route-247.pt\/pt\/wp-json\/wp\/v2\/types\/page"}],"author":[{"embeddable":true,"href":"https:\/\/route-247.pt\/pt\/wp-json\/wp\/v2\/users\/1"}],"replies":[{"embeddable":true,"href":"https:\/\/route-247.pt\/pt\/wp-json\/wp\/v2\/comments?post=172"}],"version-history":[{"count":0,"href":"https:\/\/route-247.pt\/pt\/wp-json\/wp\/v2\/pages\/172\/revisions"}],"wp:attachment":[{"href":"https:\/\/route-247.pt\/pt\/wp-json\/wp\/v2\/media?parent=172"}],"curies":[{"name":"wp","href":"https:\/\/api.w.org\/{rel}","templated":true}]}}